{"id":1470,"date":"2025-06-10T18:57:21","date_gmt":"2025-06-11T00:57:21","guid":{"rendered":"https:\/\/ramahe.com\/?post_type=product&#038;p=1470"},"modified":"2025-11-10T12:25:25","modified_gmt":"2025-11-10T18:25:25","slug":"asesoria-regulatoria-cofepris-y-gestoria","status":"publish","type":"product","link":"https:\/\/ramahe.com\/index.php\/producto\/asesoria-regulatoria-cofepris-y-gestoria\/","title":{"rendered":"Asesor\u00eda Regulatoria Cofepris y Gestor\u00eda"},"content":{"rendered":"<ul>\n<li>Legalizaci\u00f3n de documentaci\u00f3n regulatoria ante las diferentes dependencias gubernamentales o instancias privadas (Consulados, Notarios, C\u00e1maras, etc.)<\/li>\n<li>Tramites de apostilla para todo tipo de documentos.<\/li>\n<li>Solicitud de visita de verificaci\u00f3n sanitaria para exportaci\u00f3n (COFEPRIS)<\/li>\n<li>Certificados de buenas practicas sanitarias\u00a0 (COFEPRIS)<\/li>\n<li>Certificados de libre venta (COFEPRIS)<\/li>\n<li>Autorizaciones de importaci\u00f3n\u00a0 y exportaci\u00f3n\u00a0 citex (SEMARNAT)<\/li>\n<li>Certificados para exportaci\u00f3n (COFEPRIS)<\/li>\n<li>Certificado fitosanitario de importaci\u00f3n (COFEPRIS)<\/li>\n<li>Permisos sanitarios previos de importaci\u00f3n (COFEPRIS)<\/li>\n<li>Avisos de funcionamiento (COFEPRIS)<\/li>\n<li>Modificaciones de Aviso de Funcionamiento (COFEPRIS)<\/li>\n<li>Certificados zoosanitarios, fitosanitarios, de exportaci\u00f3n e internacionales, de origen, libre venta y funcionamiento (SENASICA)<\/li>\n<li>Liberaciones de productos biotecnol\u00f3gicos<\/li>\n<li>Manejo de psicotr\u00f3picos (desde la solicitud de desenfajillado y toma de muestra, solicitudes de visita de verificaci\u00f3n por balance, exportaci\u00f3n, liberaci\u00f3n, balance ONU, previsiones, descargo de libros, etc.)<\/li>\n<li>Avisos y escritos libres en general<\/li>\n<li>Gestor\u00eda para la presentaci\u00f3n de los tr\u00e1mites diversos de su empresa<\/li>\n<\/ul>\n","protected":false},"excerpt":{"rendered":"<p><img decoding=\"async\" class=\"alignnone size-medium wp-image-1454\" src=\"https:\/\/ramahe.com\/wp-content\/uploads\/2025\/06\/cofepris-300x78.jpeg\" alt=\"\" width=\"300\" height=\"78\" srcset=\"https:\/\/ramahe.com\/wp-content\/uploads\/2025\/06\/cofepris-300x78.jpeg 300w, https:\/\/ramahe.com\/wp-content\/uploads\/2025\/06\/cofepris-768x200.jpeg 768w, https:\/\/ramahe.com\/wp-content\/uploads\/2025\/06\/cofepris-600x156.jpeg 600w, https:\/\/ramahe.com\/wp-content\/uploads\/2025\/06\/cofepris.jpeg 1024w\" sizes=\"(max-width: 300px) 100vw, 300px\" \/><\/p>\n","protected":false},"featured_media":1455,"template":"","meta":{"site-sidebar-layout":"default","site-content-layout":"","ast-site-content-layout":"default","site-content-style":"default","site-sidebar-style":"default","ast-global-header-display":"","ast-banner-title-visibility":"","ast-main-header-display":"","ast-hfb-above-header-display":"","ast-hfb-below-header-display":"","ast-hfb-mobile-header-display":"","site-post-title":"","ast-breadcrumbs-content":"","ast-featured-img":"","footer-sml-layout":"","ast-disable-related-posts":"","theme-transparent-header-meta":"default","adv-header-id-meta":"","stick-header-meta":"","header-above-stick-meta":"","header-main-stick-meta":"","header-below-stick-meta":"","astra-migrate-meta-layouts":"set","ast-page-background-enabled":"default","ast-page-background-meta":{"desktop":{"background-color":"var(--ast-global-color-4)","background-image":"","background-repeat":"repeat","background-position":"center center","background-size":"auto","background-attachment":"scroll","background-type":"","background-media":"","overlay-type":"","overlay-color":"","overlay-opacity":"","overlay-gradient":""},"tablet":{"background-color":"","background-image":"","background-repeat":"repeat","background-position":"center center","background-size":"auto","background-attachment":"scroll","background-type":"","background-media":"","overlay-type":"","overlay-color":"","overlay-opacity":"","overlay-gradient":""},"mobile":{"background-color":"","background-image":"","background-repeat":"repeat","background-position":"center center","background-size":"auto","background-attachment":"scroll","background-type":"","background-media":"","overlay-type":"","overlay-color":"","overlay-opacity":"","overlay-gradient":""}},"ast-content-background-meta":{"desktop":{"background-color":"var(--ast-global-color-5)","background-image":"","background-repeat":"repeat","background-position":"center center","background-size":"auto","background-attachment":"scroll","background-type":"","background-media":"","overlay-type":"","overlay-color":"","overlay-opacity":"","overlay-gradient":""},"tablet":{"background-color":"var(--ast-global-color-5)","background-image":"","background-repeat":"repeat","background-position":"center center","background-size":"auto","background-attachment":"scroll","background-type":"","background-media":"","overlay-type":"","overlay-color":"","overlay-opacity":"","overlay-gradient":""},"mobile":{"background-color":"var(--ast-global-color-5)","background-image":"","background-repeat":"repeat","background-position":"center center","background-size":"auto","background-attachment":"scroll","background-type":"","background-media":"","overlay-type":"","overlay-color":"","overlay-opacity":"","overlay-gradient":""}}},"product_brand":[],"product_cat":[38],"product_tag":[],"class_list":{"0":"post-1470","1":"product","2":"type-product","3":"status-publish","4":"has-post-thumbnail","6":"product_cat-servicios","7":"desktop-align-left","8":"tablet-align-left","9":"mobile-align-left","11":"first","12":"instock","13":"shipping-taxable","14":"purchasable","15":"product-type-simple"},"_links":{"self":[{"href":"https:\/\/ramahe.com\/index.php\/wp-json\/wp\/v2\/product\/1470","targetHints":{"allow":["GET"]}}],"collection":[{"href":"https:\/\/ramahe.com\/index.php\/wp-json\/wp\/v2\/product"}],"about":[{"href":"https:\/\/ramahe.com\/index.php\/wp-json\/wp\/v2\/types\/product"}],"version-history":[{"count":4,"href":"https:\/\/ramahe.com\/index.php\/wp-json\/wp\/v2\/product\/1470\/revisions"}],"predecessor-version":[{"id":1578,"href":"https:\/\/ramahe.com\/index.php\/wp-json\/wp\/v2\/product\/1470\/revisions\/1578"}],"wp:featuredmedia":[{"embeddable":true,"href":"https:\/\/ramahe.com\/index.php\/wp-json\/wp\/v2\/media\/1455"}],"wp:attachment":[{"href":"https:\/\/ramahe.com\/index.php\/wp-json\/wp\/v2\/media?parent=1470"}],"wp:term":[{"taxonomy":"product_brand","embeddable":true,"href":"https:\/\/ramahe.com\/index.php\/wp-json\/wp\/v2\/product_brand?post=1470"},{"taxonomy":"product_cat","embeddable":true,"href":"https:\/\/ramahe.com\/index.php\/wp-json\/wp\/v2\/product_cat?post=1470"},{"taxonomy":"product_tag","embeddable":true,"href":"https:\/\/ramahe.com\/index.php\/wp-json\/wp\/v2\/product_tag?post=1470"}],"curies":[{"name":"wp","href":"https:\/\/api.w.org\/{rel}","templated":true}]}}